{"id":999,"date":"2024-04-24T03:59:37","date_gmt":"2024-04-24T01:59:37","guid":{"rendered":"https:\/\/thai-warehouse.com\/?post_type=product&#038;p=999"},"modified":"2026-03-31T04:32:58","modified_gmt":"2026-03-31T02:32:58","slug":"baume-du-tigre-blanc","status":"publish","type":"product","link":"https:\/\/thai-warehouse.com\/fr\/produit\/baume-du-tigre-blanc\/","title":{"rendered":"Baume du tigre Blanc 30g"},"content":{"rendered":"","protected":false},"excerpt":{"rendered":"<p>Tiger Balm &#8211; BAUME DU TIGRE Blanc &#8211; Baume \u00e0 effet froid &#8211; Parfum menthol\u00e9 &#8211; Pour sportifs, apr\u00e8s l&rsquo;effort ou en massage de la poitrine ou des tempes. En massage, pour se relaxer<\/p>\n","protected":false},"featured_media":1000,"comment_status":"open","ping_status":"closed","template":"","meta":[],"product_brand":[],"product_cat":[86],"product_tag":[],"class_list":{"0":"post-999","1":"product","2":"type-product","3":"status-publish","4":"has-post-thumbnail","6":"product_cat-hygiene-beaute","8":"first","9":"outofstock","10":"sold-individually","11":"shipping-taxable","12":"purchasable","13":"product-type-simple"},"jetpack-related-posts":[],"jetpack_sharing_enabled":true,"_links":{"self":[{"href":"https:\/\/thai-warehouse.com\/fr\/wp-json\/wp\/v2\/product\/999","targetHints":{"allow":["GET"]}}],"collection":[{"href":"https:\/\/thai-warehouse.com\/fr\/wp-json\/wp\/v2\/product"}],"about":[{"href":"https:\/\/thai-warehouse.com\/fr\/wp-json\/wp\/v2\/types\/product"}],"replies":[{"embeddable":true,"href":"https:\/\/thai-warehouse.com\/fr\/wp-json\/wp\/v2\/comments?post=999"}],"wp:featuredmedia":[{"embeddable":true,"href":"https:\/\/thai-warehouse.com\/fr\/wp-json\/wp\/v2\/media\/1000"}],"wp:attachment":[{"href":"https:\/\/thai-warehouse.com\/fr\/wp-json\/wp\/v2\/media?parent=999"}],"wp:term":[{"taxonomy":"product_brand","embeddable":true,"href":"https:\/\/thai-warehouse.com\/fr\/wp-json\/wp\/v2\/product_brand?post=999"},{"taxonomy":"product_cat","embeddable":true,"href":"https:\/\/thai-warehouse.com\/fr\/wp-json\/wp\/v2\/product_cat?post=999"},{"taxonomy":"product_tag","embeddable":true,"href":"https:\/\/thai-warehouse.com\/fr\/wp-json\/wp\/v2\/product_tag?post=999"}],"curies":[{"name":"wp","href":"https:\/\/api.w.org\/{rel}","templated":true}]}}