{"id":402,"date":"2023-05-21T11:42:39","date_gmt":"2023-05-21T09:42:39","guid":{"rendered":"https:\/\/thai-warehouse.com\/?page_id=402"},"modified":"2024-02-12T15:16:49","modified_gmt":"2024-02-12T14:16:49","slug":"donnees-personnelles","status":"publish","type":"page","link":"https:\/\/thai-warehouse.com\/fr\/donnees-personnelles\/","title":{"rendered":"Donn\u00e9es personnelles"},"content":{"rendered":"\n<p><\/p>\n\n\n\n<p><strong>Pr\u00e9ambule<\/strong><\/p>\n\n\n\n<p>Afin de mieux vous servir, nous sommes amen\u00e9s \u00e0 vous demander un certain nombre de donn\u00e9es personnelles pour organiser aux mieux nos relations commerciales ainsi que le service que vous attendez.<\/p>\n\n\n\n<p>La Soci\u00e9t\u00e9 JM Informatique respecte vos pr\u00e9occupations concernant la protection de votre vie priv\u00e9e et de vos donn\u00e9es personnelles.<\/p>\n\n\n\n<p>Vos donn\u00e9es personnelles collect\u00e9es sont principalement trait\u00e9es par la Soci\u00e9t\u00e9 JM Informatique. La pr\u00e9sente charte d\u00e9crit l\u2019usage que la Soci\u00e9t\u00e9 JM Informatique fait des informations vous concernant, collect\u00e9es lorsque vous utilisez le site internet www.thai-warehouse.com (ci-apr\u00e8s le \u201cSite\u201d), ainsi que ses d\u00e9clinaisons pour mobile et tablettes. La pr\u00e9sente charte vous permet de conna\u00eetre l\u2019origine et l\u2019usage des informations de navigation collect\u00e9es \u00e0 l\u2019aide de Cookies, ainsi que les moyens pour exercer vos droits y aff\u00e9rents.<\/p>\n\n\n\n<p>Cette charte s\u2019applique \u00e0 toutes les pages du Site et services offerts par la Soci\u00e9t\u00e9 JM Informatique, d\u00e9sign\u00e9es sous le terme \u00ab Thai-Warehouse \u00bb \u00ab Nous \u00bb, \u00ab Notre \u00bb, renvoyant vers cette charte et vient compl\u00e9ter les \u00ab Conditions G\u00e9n\u00e9rales de Vente \u00bb du Site (ainsi que tout document ou notice d\u2019information renvoyant vers cette charte). En utilisant notre Site, vous acceptez les termes de la pr\u00e9sente charte et consentez \u00e0 ce que nous collections et traitions vos donn\u00e9es personnelles conform\u00e9ment \u00e0 notre politique de protection de vos donn\u00e9es personnelles. En cas de d\u00e9saccord avec les termes de la charte, nous vous invitons \u00e0 ne pas utiliser notre Site ou \u00e0 nous contacter.<\/p>\n\n\n\n<p><strong>Modification de la charte<\/strong><\/p>\n\n\n\n<p>Nous sommes susceptibles de modifier et mettre \u00e0 jour la pr\u00e9sente charte.<br>Nous vous invitons \u00e0 la consulter d\u00e8s que vous interagissez avec nous afin de rester inform\u00e9s de nos pratiques en mati\u00e8re de protection des donn\u00e9es personnelles et sur vos droits.<\/p>\n\n\n\n<p><strong>Identit\u00e9 du responsable de traitement<\/strong><\/p>\n\n\n\n<p>Le responsable de traitement est JM Informatique. Adresse du si\u00e8ge social : Les Brizelles 37330 Courcelles de Touraine \u2013 France. T\u00e9l\u00e9phone : 06 51 59 54 57<\/p>\n\n\n\n<p><strong>A propos de la collecte de vos donn\u00e9es personnelles<\/strong><\/p>\n\n\n\n<p><strong>1. DONNEES PERSONNELLES COLLECTEES ET TRAITEES &#8211; COOKIES DEPOSES ET ACTIVES<\/strong><\/p>\n\n\n\n<p>Sont consid\u00e9r\u00e9es comme des donn\u00e9es personnelles toute information permettant de vous identifier, directement ou indirectement. Il peut s\u2019agir d\u2019informations d\u2019identification telles que notamment votre nom, votre pr\u00e9nom, votre email, votre date de naissance, votre adresse postale, votre adresse IP, ou encore vos habitudes d\u2019achat ou vos pr\u00e9f\u00e9rences. Les \u00ab cookies \u00bb sont des identifiants alphanum\u00e9riques d\u00e9pos\u00e9s sur votre ordinateur, votre t\u00e9l\u00e9phone mobile ou votre tablette num\u00e9rique, par l&rsquo;interm\u00e9diaire de votre navigateur Internet, afin de reconna\u00eetre votre navigateur et vous proposer des services personnalis\u00e9s. Nous utilisons des cookies pour les besoins de la navigation sur notre Site, afin de m\u00e9moriser vos pr\u00e9f\u00e9rences, de vous donner une meilleure exp\u00e9rience client et optimiser notre Site internet en fournissant un contenu adapt\u00e9 \u00e0 vos besoins.<\/p>\n\n\n\n<p><strong>2. COOKIE DE SESSION<\/strong><\/p>\n\n\n\n<p>Ces cookies sont utilis\u00e9s pour assurer la navigation du visiteur sur le site et ne conservent aucune information personnelle. Ils garantissent le bon comportement de certaines fonctionnalit\u00e9s de base telles que la connexion au compte, la navigation, l\u2019ajout d\u2019un produit au panier. Leur dur\u00e9e de vie est limit\u00e9e \u00e0 la session de l&rsquo;utilisateur et ne persiste pas dans le temps.<\/p>\n\n\n\n<p><strong>3. COOKIE ANALYTICS (GOOGLE ANALYTICS)<\/strong><\/p>\n\n\n\n<p>Nous utilisons un logiciel pour analyser certaines informations des visiteurs tels que, le trafic du site www.famillemary.fr, l&rsquo;utilisation du navigateur, le nombre de nouveaux visiteurs, l&rsquo;activit\u00e9 marketing et les commandes pass\u00e9es. Cette information nous aide \u00e0 apporter des am\u00e9liorations \u00e0 notre site, \u00e0 l&rsquo;exp\u00e9rience shopping ainsi qu\u2019\u00e0 nos campagnes. Les donn\u00e9es stock\u00e9es par ce cookie peuvent \u00eatre vues par les seules \u00e9quipes concern\u00e9es de Famille Mary, mais n\u2019enregistrent aucune information confidentielle.<\/p>\n\n\n\n<p><strong>4. COOKIE TIERS<\/strong><\/p>\n\n\n\n<p>Google, Facebook, Bing, Yahoo,&nbsp; accepte \u00e9galement que des soci\u00e9t\u00e9s partenaires puissent utiliser des cookies dans le cadre de la d\u00e9livrance de publicit\u00e9s cibl\u00e9es. Ils sont utilis\u00e9s pour nous aider \u00e0 suivre les visiteurs ayant cliqu\u00e9 sur des publicit\u00e9s et interagir avec eux. Chaque soci\u00e9t\u00e9 utilise ses propres cookies de suivi et les donn\u00e9es extraites ne sont pas interchangeables. Aucune information confidentielle n\u2019est enregistr\u00e9e.<\/p>\n\n\n\n<p><strong>5. OUTILS DE PARTAGE<\/strong><\/p>\n\n\n\n<p>Famillemary.fr utilise la fonctionnalit\u00e9 de \u00ab partage \u00bb de contenus via les r\u00e9seaux sociaux tels que Facebook. Famille Mary ne contr\u00f4le pas la diffusion de ces cookies et nous sugg\u00e9rons de consulter les sites Web de ces tiers pour plus d&rsquo;informations sur leurs cookies. R\u00e8gles de confidentialit\u00e9 de Facebook : http:\/\/www.facebook.com\/policy.php R\u00e8gles de confidentialit\u00e9 YouTube privacy policy : https:\/\/www.google.fr\/intl\/fr\/policies\/privacy\/<\/p>\n\n\n\n<p><strong>6. PARAMETRAGE DES COOKIES<\/strong><\/p>\n\n\n\n<p>La plupart des navigateurs Internet accepte automatiquement par d\u00e9faut les cookies. Vous pouvez cependant configurer votre navigateur afin d&#8217;emp\u00eacher cet enregistrement de cookies sur votre ordinateur ou un p\u00e9riph\u00e9rique associ\u00e9.<\/p>\n\n\n\n<p>Certains navigateurs proposent un mode o\u00f9 les cookies sont toujours supprim\u00e9s apr\u00e8s une visite. La section Aide de la barre d&rsquo;outils de la plupart des navigateurs vous indique comment refuser les nouveaux cookies, obtenir un message qui vous signale leur r\u00e9ception ou encore comment les d\u00e9sactiver. Vous pouvez aussi choisir de d\u00e9sactiver ou de supprimer les cookies utilis\u00e9s par des logiciels accessoires \u00e0 votre navigateur, en modifiant les param\u00e8tres de ces logiciels ou en visitant le site Internet de l&rsquo;\u00e9diteur de ces logiciels. Le param\u00e9trage est susceptible de modifier vos conditions d&rsquo;acc\u00e8s \u00e0 nos services n\u00e9cessitant l&rsquo;utilisation de cookies.<\/p>\n\n\n\n<p>Si votre navigateur est configur\u00e9 de mani\u00e8re \u00e0 refuser l&rsquo;ensemble des cookies, vous ne pourrez pas effectuer d&rsquo;achats ou profiter de fonctions essentielles de notre site, comme par exemple stocker des articles dans votre panier ou recevoir des recommandations personnalis\u00e9es. Afin de g\u00e9rer les cookies au plus pr\u00e8s de vos attentes nous vous invitons \u00e0 param\u00e9trer votre navigateur.<\/p>\n\n\n\n<p><strong>7. BLOCAGES DES COOKIES<\/strong><\/p>\n\n\n\n<p>Votre navigateur peut vous permettre de choisir de d\u00e9sactiver tout ou partie des Cookies, soit syst\u00e9matiquement soit selon l\u2019\u00e9metteur. Vous pouvez \u00e9galement configurer votre logiciel de navigation de mani\u00e8re \u00e0 ce que l&rsquo;acceptation ou le refus des cookies vous soient propos\u00e9s (au cas par cas ou en totalit\u00e9). Nous vous rappelons toutefois que la d\u00e9sactivation de tous les Cookies vous emp\u00eachera d\u2019utiliser notre site dans des conditions normales, \u00e0 l\u2019exception des fonctions basiques<\/p>\n\n\n\n<p><strong>8. QUELLES SONT LES INFORMATIONS QUE NOUS COLLECTONS&nbsp;?<\/strong><\/p>\n\n\n\n<p>THAI-Warehouse collecte plusieurs types de donn\u00e9es personnelles vous concernant :<\/p>\n\n\n\n<ul class=\"wp-block-list\">\n<li><strong>Informations que vous nous fournissez directement<\/strong><\/li>\n<\/ul>\n\n\n\n<p>Nous collectons des informations que vous nous communiquez directement lorsque vous utilisez notre Site et interagissez avec nous. Tel est le cas notamment, lorsque vous :<\/p>\n\n\n\n<p>&#8211; Cr\u00e9ez un compte en ligne<\/p>\n\n\n\n<p>&#8211; Faites des achats sur notre Site<\/p>\n\n\n\n<p>&#8211; Vous vous inscrivez pour recevoir nos newsletters<\/p>\n\n\n\n<p>&#8211; Participez \u00e0 un tirage au sort, \u00e0 un concours, \u00e0 une promotion ou \u00e0 une enqu\u00eate,<\/p>\n\n\n\n<p>&#8211; Communiquez avec nous par l\u2019interm\u00e9diaire de r\u00e9seaux sociaux<\/p>\n\n\n\n<p>&#8211; Laissez un avis sur un produit<\/p>\n\n\n\n<p>&#8211; Demandez une assistance client via le formulaire de contact ou le tchat en ligne<\/p>\n\n\n\n<p>&#8211; Communiquez avec nous de toute autre mani\u00e8re. La communication de vos informations personnelles est volontaire.<\/p>\n\n\n\n<p>Toutefois, si vous ne fournissez pas une partie ou la totalit\u00e9 des informations demand\u00e9es, nous ne pourrons peut-\u00eatre pas vous fournir certains produits, services ou informations. Les cat\u00e9gories d&rsquo;informations que nous collectons comprennent :<\/p>\n\n\n\n<p>&#8211; Les informations d\u2019identification et de contact (comme les noms, pr\u00e9nom, date de naissance, coordonn\u00e9es postales, moyens de contact) n\u00e9cessaires \u00e0 votre identification lorsque vous utilisez un de nos Services (ex : cr\u00e9ation d\u2019un compte en ligne)<\/p>\n\n\n\n<p>&#8211; Les informations transactionnelles n\u00e9cessaires pour traiter votre commande (articles choisis, adresse de livraison et de facturation, num\u00e9ro de t\u00e9l\u00e9phone et votre adresse email, num\u00e9ro de t\u00e9l\u00e9phone, mode de paiement.<\/p>\n\n\n\n<p>&#8211; Des informations socio-d\u00e9mographiques (comme par exemple votre \u00e2ge, votre profession, votre sexe etc., mentionn\u00e9es lorsque vous postez un avis ou cr\u00e9ez un compte)<\/p>\n\n\n\n<p>&#8211; Les donn\u00e9es d\u2019historique concernant vos commandes en ligne<\/p>\n\n\n\n<p>&#8211; Les donn\u00e9es d\u2019historique de vos contacts avec nous (Nous conservons par ailleurs l\u2019historique de vos contacts lorsque vous contactez le Service Clients ou lorsque vous nous saisissez d\u2019une r\u00e9clamation)<\/p>\n\n\n\n<p>&#8211; Les avis que vous r\u00e9digez sur les produits<\/p>\n\n\n\n<p>Les donn\u00e9es que nous vous demandons et qui sont indispensables pour r\u00e9pondre \u00e0 vos demandes sont identifi\u00e9es par un ast\u00e9risque ou un proc\u00e9d\u00e9 \u00e9quivalent sur les formulaires de collecte.<\/p>\n\n\n\n<ul class=\"wp-block-list\">\n<li><strong>Informations que nous collectons automatiquement<\/strong><\/li>\n<\/ul>\n\n\n\n<p>Nous collectons automatiquement certaines informations vous concernant lorsque vous acc\u00e9dez au Site, naviguez ou effectuez un achat, notamment :<\/p>\n\n\n\n<p>&#8211; Donn\u00e9es de connexion : Nous collectons des informations concernant le terminal \u00e0 l\u2019aide duquel vous vous connectez, ainsi que sur votre utilisation du Site (telles que le syst\u00e8me d\u2019exploitation, le type de navigateur utilis\u00e9, l\u2019utilisation ou non de proxy, la localisation du terminal d\u00e9duite de votre adresse IP permettant d\u2019identifier votre ordinateur, les temps d&rsquo;acc\u00e8s, les pages visit\u00e9es, et le lien qui vous a permis d&rsquo;acc\u00e9der \u00e0 notre Site).<\/p>\n\n\n\n<p>&#8211; Informations sur votre navigation (que vous soyez connect\u00e9 ou non) : Nous pouvons utiliser des cookies et d&rsquo;autres technologies de suivi pour collecter des informations vous concernant lorsque vous interagissez avec notre Site ou avec les emails que nous vous adressons. Ces informations nous permettent de d\u00e9duire vos pr\u00e9f\u00e9rences, votre app\u00e9tence pour tel ou tel type de produit, ainsi que d\u2019analyser la fa\u00e7on dont vous interagissez avec certains contenus.<\/p>\n\n\n\n<p>Ces informations sont collect\u00e9es \u00e0 la fois lorsque vous \u00eates identifi\u00e9 et lorsque vous ne l\u2019\u00eates pas et peuvent \u00eatre rapproch\u00e9es entre elles, quel que soit le terminal utilis\u00e9. Le but \u00e9tant de vous proposer les offres les plus personnalis\u00e9es possibles.<\/p>\n\n\n\n<p>Par ailleurs, en fonction des donn\u00e9es d\u2019ores et d\u00e9j\u00e0 en notre possession, certains formulaires pourront \u00eatre pr\u00e9remplis.<\/p>\n\n\n\n<ul class=\"wp-block-list\">\n<li><strong>Informations que nous collectons aupr\u00e8s de nos partenaires et d&rsquo;autres sources<\/strong><\/li>\n<\/ul>\n\n\n\n<p>Nous sommes \u00e9galement susceptibles d&rsquo;obtenir des informations vous concernant \u00e0 partir d&rsquo;autres sources et les associer aux informations vous concernant que nous collectons, telles que :<\/p>\n\n\n\n<p>&#8211; Des donn\u00e9es communiqu\u00e9es par les r\u00e9seaux sociaux. Par exemple, lorsque vous partagez votre exp\u00e9rience concernant Thai-Warehouse sur un r\u00e9seau social, vous communiquez des donn\u00e9es personnelles vous concernant \u00e0 ce r\u00e9seau social et \u00e0 Thai-Warehouse. Ces communications sont r\u00e9gies par les propres politiques de protection des donn\u00e9es \u00e0 caract\u00e8re personnel de ces r\u00e9seaux sociaux auxquelles nous vous renvoyons et concernant lesquelles THAI-Warehouse se d\u00e9charge de toute responsabilit\u00e9.<\/p>\n\n\n\n<ul class=\"wp-block-list\">\n<li><strong>Informations concernant des tiers<\/strong><\/li>\n<\/ul>\n\n\n\n<p>Dans certains cas, nous pouvons \u00e9galement \u00eatre amen\u00e9s \u00e0 collecter des informations que vous fournissez \u00e0 propos d&rsquo;autres personnes. Par exemple, lorsque vous achetez des produits pour un tiers et que vous souhaitez livrer le colis chez cette personne, et devez en cons\u00e9quence nous communiquer l\u2019adresse postale de ce destinataire, que nous utilisons. Nous utilisons lesdites informations uniquement pour r\u00e9pondre \u00e0 vos demandes et n&rsquo;envoyons pas de communications marketing \u00e0 vos contacts sans consentement de leur part.<\/p>\n\n\n\n<p><strong>9. POUR QUELLES FINALIT\u00c9S COLLECTONS-NOUS DES DONN\u00c9ES ?<\/strong><\/p>\n\n\n\n<p>Le traitement de vos donn\u00e9es personnelles et l\u2019utilisation des cookies r\u00e9pondent \u00e0 une finalit\u00e9 d\u00e9termin\u00e9e, explicite et l\u00e9gitime. Tout traitement de vos donn\u00e9es personnelles qui aurait une finalit\u00e9 non justifi\u00e9e par un int\u00e9r\u00eat l\u00e9gitime n\u00e9cessite votre consentement. Nous nous attachons \u00e0 minimiser les donn\u00e9es collect\u00e9es. Le traitement de vos donn\u00e9es personnelles nous permet de vous proposer des services et de maintenir un environnement s\u00e9curis\u00e9 \u00e0 travers notamment :<\/p>\n\n\n\n<ul class=\"wp-block-list\">\n<li>Le bon fonctionnement de notre Site<\/li>\n\n\n\n<li>Les services et produits propos\u00e9s<\/li>\n\n\n\n<li>Pr\u00e9venir et d\u00e9tecter des fraudes, malwares (malicious softwares ou logiciels malveillants) et g\u00e9rer les incidents de s\u00e9curit\u00e9<\/li>\n\n\n\n<li>La mise \u00e0 disposition de boutons de partage sur nos r\u00e9seaux sociaux<\/li>\n\n\n\n<li>La r\u00e9alisation de toutes les op\u00e9rations commerciales (commandes, paiement, livraisons, factures, comptabilit\u00e9, enqu\u00eate de satisfaction, service-consommateurs\u2026etc)<\/li>\n\n\n\n<li>Analyser et personnaliser l\u2019exp\u00e9rience client en ligne pour vous assurer la meilleure qualit\u00e9 de services (de mani\u00e8re anonyme)<\/li>\n\n\n\n<li>G\u00e9rer la relation client<\/li>\n\n\n\n<li>Optimiser notre service client (accessible par email, t\u00e9l\u00e9phone ou par chat)<\/li>\n\n\n\n<li>G\u00e9rer d\u2019\u00e9ventuels litiges<\/li>\n<\/ul>\n\n\n\n<p>Certaines donn\u00e9es sont \u00e9galement conserv\u00e9es pour r\u00e9pondre \u00e0 nos obligations l\u00e9gales et assurer la d\u00e9fense de nos int\u00e9r\u00eats en cas de litige ou d\u2019action en justice.<\/p>\n\n\n\n<p><strong>10. COMBIEN DE TEMPS MES DONN\u00c9ES SONT-ELLES CONSERV\u00c9ES ?<\/strong><\/p>\n\n\n\n<p>Vos donn\u00e9es sont conserv\u00e9es pendant toute la dur\u00e9e de votre relation. D\u2019une mani\u00e8re g\u00e9n\u00e9rale, vos donn\u00e9es personnelles sont conserv\u00e9es pendant toute la dur\u00e9e de votre relation avec nous, augment\u00e9e d\u2019une dur\u00e9e de trois ans \u00e0 l\u2019issue de la fin de nos relations, puis font l\u2019objet d\u2019un archivage afin de r\u00e9pondre \u00e0 nos obligations l\u00e9gales.<\/p>\n\n\n\n<p>Nous conservons toutefois certaines donn\u00e9es apr\u00e8s la suppression de votre compte lorsqu\u2019une telle conservation est pr\u00e9vue par la loi, ou lorsque cette conservation est n\u00e9cessaire pour nous permettre de g\u00e9rer les litiges et contestations. Dans ce cas, les donn\u00e9es n\u00e9cessaires \u00e0 la r\u00e9solution du probl\u00e8me ou du litige seront conserv\u00e9es tant que dure le litige dans la limite des r\u00e8gles applicables en mati\u00e8re de prescription.<\/p>\n\n\n\n<p><strong>11. QUELLES SONT MES OPTIONS EN MATIERE DE COMMUNICATION PROMOTIONNELLE ?<\/strong><\/p>\n\n\n\n<p>Vous avez la possibilit\u00e9 de rejoindre nos listes de diffusion et d&rsquo;accepter de recevoir des informations marketing et promotionnelles de notre part. Vous pouvez \u00e0 tout moment retirer votre consentement en cliquant directement en bas de nos newsletters ou en nous contactant via la page contactez-nous, Conform\u00e9ment aux dispositions de la loi \u00ab Informatique et Libert\u00e9s \u00bb du 6 janvier 1978 modifi\u00e9e ainsi que du R\u00e8glement (UE) 2016\/679 du Parlement europ\u00e9en et du Conseil du 27 avril 2016, vous disposez d&rsquo;un droit d&rsquo;acc\u00e8s, d\u2019information, d\u2019opposition, de rectification, de limitation, de portabilit\u00e9 et de suppression de vos donn\u00e9es.<\/p>\n\n\n\n<p>Vous disposez \u00e9galement du droit de formuler et communiquer des directives relatives au sort de vos donn\u00e9es apr\u00e8s votre mort. Pour exercer l\u2019un ou plusieurs de ces droits, vous devez remplir le formulaire Contact.<\/p>\n\n\n\n<p><strong>12. A PROPOS DE VOS DROITS<\/strong><\/p>\n\n\n\n<p>Vous disposez d\u2019un droit d\u2019acc\u00e8s, de modification ainsi que de suppression de vos informations personnelles. Vous pouvez \u00e9galement vous opposer au traitement de ces donn\u00e9es. Pour exercer votre droit, vous pouvez \u00e0 tout moment vous connecter \u00e0 votre compte personnel sur la section \u00ab Mon Compte \u00bb. Vous pouvez \u00e9galement remplir le formulaire de contact pr\u00e9sent sur le Site.<\/p>\n\n\n\n<p><strong>13. A PROPOS DE NOS GARANTIES DE PROTECTION DE VOS DONN\u00c9ES PERSONNELLES<\/strong><\/p>\n\n\n\n<p>Afin de pr\u00e9server la confidentialit\u00e9 ainsi que la s\u00e9curit\u00e9 de vos donn\u00e9es personnelles, nous nous engageons \u00e0 mettre en place des mesures techniques et organisationnelles afin d\u2019\u00e9viter qu\u2019elles ne soient d\u00e9form\u00e9es, endommag\u00e9es, d\u00e9truites, divulgu\u00e9es ou encore qu\u2019un tiers non-autoris\u00e9 y ait acc\u00e8s. Nous mettons tout en \u0153uvre afin de vous assurer la s\u00e9curit\u00e9 de vos donn\u00e9es, cependant, nous souhaitons \u00e9galement vous sensibiliser et vous informer quant \u00e0 l\u2019existence d\u2019\u00e9ventuels risques corr\u00e9l\u00e9s \u00e0 l\u2019utilisation d\u2019Internet.<\/p>\n","protected":false},"excerpt":{"rendered":"<p>Pr\u00e9ambule Afin de mieux vous servir, nous sommes amen\u00e9s \u00e0 vous demander un certain nombre de donn\u00e9es personnelles pour organiser aux mieux nos relations commerciales ainsi que le service que vous attendez. La Soci\u00e9t\u00e9 JM Informatique respecte vos pr\u00e9occupations concernant la protection de votre vie priv\u00e9e et de vos donn\u00e9es personnelles. Vos donn\u00e9es personnelles collect\u00e9es &hellip; <\/p>\n<p class=\"link-more\"><a href=\"https:\/\/thai-warehouse.com\/fr\/donnees-personnelles\/\" class=\"more-link\">Lire la suite de<span class=\"screen-reader-text\">\u00ab\u00a0Donn\u00e9es personnelles\u00a0\u00bb<\/span><\/a><\/p>\n","protected":false},"author":1,"featured_media":0,"parent":0,"menu_order":0,"comment_status":"closed","ping_status":"closed","template":"page-templates\/no-title.php","meta":{"inspiro_hide_title":false,"footnotes":""},"class_list":["post-402","page","type-page","status-publish","hentry"],"jetpack-related-posts":[],"jetpack_sharing_enabled":true,"_links":{"self":[{"href":"https:\/\/thai-warehouse.com\/fr\/wp-json\/wp\/v2\/pages\/402","targetHints":{"allow":["GET"]}}],"collection":[{"href":"https:\/\/thai-warehouse.com\/fr\/wp-json\/wp\/v2\/pages"}],"about":[{"href":"https:\/\/thai-warehouse.com\/fr\/wp-json\/wp\/v2\/types\/page"}],"author":[{"embeddable":true,"href":"https:\/\/thai-warehouse.com\/fr\/wp-json\/wp\/v2\/users\/1"}],"replies":[{"embeddable":true,"href":"https:\/\/thai-warehouse.com\/fr\/wp-json\/wp\/v2\/comments?post=402"}],"version-history":[{"count":5,"href":"https:\/\/thai-warehouse.com\/fr\/wp-json\/wp\/v2\/pages\/402\/revisions"}],"predecessor-version":[{"id":588,"href":"https:\/\/thai-warehouse.com\/fr\/wp-json\/wp\/v2\/pages\/402\/revisions\/588"}],"wp:attachment":[{"href":"https:\/\/thai-warehouse.com\/fr\/wp-json\/wp\/v2\/media?parent=402"}],"curies":[{"name":"wp","href":"https:\/\/api.w.org\/{rel}","templated":true}]}}