{"id":144,"date":"2023-04-17T23:23:13","date_gmt":"2023-04-17T21:23:13","guid":{"rendered":"https:\/\/thai-warehouse.com\/?page_id=144"},"modified":"2024-02-12T15:16:35","modified_gmt":"2024-02-12T14:16:35","slug":"conditions-generales-de-ventes","status":"publish","type":"page","link":"https:\/\/thai-warehouse.com\/fr\/conditions-generales-de-ventes\/","title":{"rendered":"Conditions g\u00e9n\u00e9rales de ventes"},"content":{"rendered":"\n<p><strong>1. OBJET<\/strong><\/p>\n\n\n\n<p class=\"has-text-align-left\">Les pr\u00e9sentes conditions g\u00e9n\u00e9rales de vente visent \u00e0 d\u00e9finir les droits et obligations de THAI-WAREHOUSE et du Client de produits pr\u00e9sent\u00e9s par THAI-WAREHOUSE sur son site www.thai-warehouse.com (ci-apr\u00e8s \u00ab le Site \u00bb). Elles s&rsquo;appliquent de fa\u00e7on exclusive entre la soci\u00e9t\u00e9 THAI-WAREHOUSE et tout consommateur personne physique visitant ou effectuant un achat via ledit Site (ci-apr\u00e8s \u00ab le Client \u00bb).<br><br>Sur le Site, THAI-WAREHOUSE permet au Client de commander en ligne des produits de la marque de partenaires s\u00e9lectionn\u00e9s (ci-apr\u00e8s \u00ab le (ou les) Produit(s) \u00bb) selon les pr\u00e9sentes conditions g\u00e9n\u00e9rales.<br><br>Toute commande effectu\u00e9e aupr\u00e8s de THAI-WAREHOUSE entra\u00eene donc l&rsquo;acceptation sans r\u00e9serve par le Client des pr\u00e9sentes conditions. Les pr\u00e9sentes conditions g\u00e9n\u00e9rales peuvent \u00eatre modifi\u00e9es \u00e0 tout moment et sans pr\u00e9avis par THAI-WAREHOUSE, les conditions applicables \u00e9tant celles en vigueur \u00e0 la date de la commande par le Client.<br><br><strong>2. PRODUITS ET CONFORMIT\u00c9<\/strong><\/p>\n\n\n\n<p class=\"has-text-align-left\">2.1. Les Produits mis en vente sont pr\u00e9sent\u00e9s sur le site de THAI-WAREHOUSE et assortis d&rsquo;un descriptif.<br><br>2.2. Les Produits propos\u00e9s par THAI-WAREHOUSE sont conformes aux normes applicables en France.<br><br>Les \u00e9l\u00e9ments tels que notamment photographies, textes, graphismes ainsi que toutes les informations et caract\u00e9ristiques illustrant et\/ou accompagnant les Produits ne sont pas contractuels, ce que le Client reconna\u00eet.<br><br>En cons\u00e9quence, THAI-WAREHOUSE ne saurait encourir la moindre responsabilit\u00e9 en cas d&rsquo;erreur ou d&rsquo;omission de l&rsquo;un quelconque de ces \u00e9l\u00e9ments ou en cas de modification desdits \u00e9l\u00e9ments par les fournisseurs et\/ou \u00e9diteurs.<\/p>\n\n\n\n<p><\/p>\n\n\n\n<p class=\"has-text-align-left\"><strong>3. OBLIGATIONS DU CLIENT<\/strong><\/p>\n\n\n\n<p class=\"has-text-align-left\">3.1. Le Client d\u00e9clare \u00eatre \u00e2g\u00e9 d&rsquo;au moins 18 ans et avoir la capacit\u00e9 juridique ou \u00eatre titulaire d&rsquo;une autorisation parentale lui permettant d&rsquo;effectuer une commande sur le Site.<br><br>3.2. Le Client s\u2019engage \u00e0 communiquer \u00e0 THAI-WAREHOUSE les \u00e9l\u00e9ments d\u2019informations r\u00e9els et n\u00e9cessaires \u00e0 la r\u00e9alisation de la prestation objet des pr\u00e9sentes conditions tel que cela lui est demand\u00e9 en ligne et suivant sa situation, notamment ses nom, pr\u00e9nom, adresse, t\u00e9l\u00e9phone et e-mail valide.<br><br>Le Client est responsable des cons\u00e9quences d\u00e9coulant d\u2019informations transmises fausses ou inexactes ou dont la reprise serait illicite.<br><br>3.3. Une fois la commande pass\u00e9e, THAI-WAREHOUSE adresse au Client un e-mail lui confirmant celle-ci. Il l\u2019informe de l\u2019envoi des Produits.<br><br>3.4. Le Client peut modifier ses donn\u00e9es \u00e0 la rubrique \u00ab mon compte \u00bb.<\/p>\n\n\n\n<p><strong>4. COMMANDE<\/strong><\/p>\n\n\n\n<p class=\"has-text-align-left\">4.1. Toute commande ne sera valid\u00e9e qu&rsquo;apr\u00e8s acceptation du paiement.<br><br>4.2. THAI-WAREHOUSE se r\u00e9serve le droit d\u2019annuler ou de refuser une commande en cas de litige avec le Client sur une commande ant\u00e9rieure.<br><br>4.3. THAI-WAREHOUSE peut accepter les commandes dans la limite des stocks disponibles. Il informe le Client de la disponibilit\u00e9 des Produits vendus sur le Site au moment de la confirmation de la commande.<br><br>Si, en d\u00e9pit de la vigilance de THAI-WAREHOUSE, les produits sont indisponibles, THAI-WAREHOUSE en informera le Client par e-mail dans les meilleurs d\u00e9lais. Le Client pourra alors annuler sa commande et se faire rembourser, le cas \u00e9ch\u00e9ant, les sommes d\u00e9j\u00e0 vers\u00e9es.<br><br>L&rsquo;indisponibilit\u00e9 d\u00e9finitive ou temporaire ne saurait en aucun cas engager la responsabilit\u00e9 de THAI-WAREHOUSE, pas plus qu&rsquo;elle ne saurait ouvrir un quelconque droit \u00e0 indemnisation ou dommages et int\u00e9r\u00eats en faveur du Client.<\/p>\n\n\n\n<p><strong>5. PRIX<\/strong><\/p>\n\n\n\n<p class=\"has-text-align-left\">5.1. Les prix affich\u00e9s sur le Site sont indiqu\u00e9s en euros toutes taxes fran\u00e7aises comprises (TVA fran\u00e7aise et autres taxes \u00e9ventuellement applicables), hors frais de port, participation aux frais de traitement de commande et frais d&#8217;emballage.<br><br>Les frais de port, participation aux frais de traitement de commande et frais d\u2019emballage seront indiqu\u00e9s dans le panier du Client, avant la validation d\u00e9finitive de la commande.<br><br>Les prix peuvent \u00eatre modifi\u00e9s \u00e0 tout moment, sans pr\u00e9avis et notamment en cas de changement de donn\u00e9es fiscales ou \u00e9conomiques. Les articles seront factur\u00e9s sur la base des tarifs en vigueur au moment de l&rsquo;enregistrement de la commande.<\/p>\n\n\n\n<p><strong>6. LIVRAISON<\/strong><\/p>\n\n\n\n<p class=\"has-text-align-left\">6.1. THAI-WAREHOUSE fait livrer ses Produits en France et dans tous les pays de l&rsquo;Union Europ\u00e9enne<br><br>Les produits sont exp\u00e9di\u00e9s \u00e0 l\u2019adresse de livraison indiqu\u00e9e par le Client lors de sa commande. La livraison ne peut \u00eatre effectu\u00e9e ni dans des h\u00f4tels, ni \u00e0 des bo\u00eetes postales. Les d\u00e9lais de livraison indiqu\u00e9s sur le site sont des d\u00e9lais indicatifs, correspondant aux d\u00e9lais moyens de traitement et de livraison. Afin que ces d\u00e9lais soient respect\u00e9s, le Client doit s\u2019assurer d\u2019avoir communiqu\u00e9 des informations exactes et compl\u00e8tes concernant l\u2019adresse de livraison (tels que, notamment : n\u00b0 de rue, de b\u00e2timent, d\u2019escalier, codes d\u2019acc\u00e8s, noms et\/ou num\u00e9ros d\u2019interphone, etc.).<br><br>En cas de retard de livraison de plus de 14 jours ouvr\u00e9s, si le produit n&rsquo;a pas \u00e9t\u00e9 exp\u00e9di\u00e9, le Client peut d\u00e9noncer la commande par lettre recommand\u00e9e avec avis de r\u00e9ception et demander le remboursement de sa commande.<br>Si l&rsquo;article a \u00e9t\u00e9 exp\u00e9di\u00e9 avant r\u00e9ception de l&rsquo;annulation de la commande pour retard de livraison de plus de 14 jours, THAI-WAREHOUSE proc\u00e8dera au remboursement de l&rsquo;article et des frais d&rsquo;exp\u00e9dition et de retour, \u00e0 r\u00e9ception de celui-ci, complet, dans son \u00e9tat d&rsquo;origine et avec toutes les \u00e9tiquettes.<br><br>THAI-WAREHOUSE s&rsquo;engage \u00e0 informer le Client de l&rsquo;\u00e9volution du traitement de sa commande.<br><br>En cas de colis endommag\u00e9s (d\u00e9j\u00e0 ouvert, produits manquants\u2026), le Client s\u2019engage \u00e0 notifier au transporteur et \u00e0 THAI-WAREHOUSE, par tous moyens, toutes r\u00e9serves dans les 3 jours suivant la r\u00e9ception du produit.<br><br>THAI-WAREHOUSE ne pourra \u00eatre tenu responsable des cons\u00e9quences dues \u00e0 un retard d\u2019acheminement n\u2019\u00e9tant pas de son fait.<\/p>\n\n\n\n<p><strong>7. PAIEMENT<\/strong><\/p>\n\n\n\n<p class=\"has-text-align-left\">L&rsquo;int\u00e9gralit\u00e9 du paiement doit \u00eatre r\u00e9alis\u00e9e lors de la commande. A aucun moment les sommes vers\u00e9es ne pourront \u00eatre consid\u00e9r\u00e9es comme des arrhes ou des acomptes. Le Client r\u00e8gle sa commande par carte bancaire (Visa, Eurocard\/Mastercard), conform\u00e9ment aux dispositions du pr\u00e9sent article.<br><br>THAI-WAREHOUSE n&rsquo;accepte pas le paiement par ch\u00e8que.<br>Pour toute transaction, le Client indiquera le num\u00e9ro figurant au recto de sa carte, la date d&rsquo;expiration de sa carte et le cryptogramme figurant au verso de sa carte (trois derniers chiffres).<br><br>La communication par le Client de son num\u00e9ro de carte bancaire vaut autorisation pour THAI-WAREHOUSE de d\u00e9biter son compte \u00e0 due concurrence du montant de sa commande.<br><br>Aucun envoi en contre-remboursement ne sera accept\u00e9, quel qu&rsquo;en soit le motif.<br><br>THAI-WAREHOUSE conserve la propri\u00e9t\u00e9 de l&rsquo;article jusqu&rsquo;au paiement int\u00e9gral du prix par le Client. Les achats sont r\u00e9alis\u00e9s de mani\u00e8re s\u00e9curis\u00e9e. Les solutions de paiement adopt\u00e9es par THAI-WAREHOUSE sont 100% s\u00e9curis\u00e9es. Pour les paiements par carte bancaire (carte bleue, carte bleue visa et e-carte bleue), toutes les informations que les Clients communiquent \u00e0 THAI-WAREHOUSE sont strictement prot\u00e9g\u00e9es et garantissent la conformit\u00e9 et la s\u00e9curisation de chaque transaction.<br><\/p>\n\n\n\n<p><strong>8. RETOURS ET REMBOURSEMENTS DE PRODUITS<\/strong><\/p>\n\n\n\n<p class=\"has-text-align-left\">Droit de r\u00e9tractation<\/p>\n\n\n\n<p class=\"has-text-align-left\"><br>Dans un d\u00e9lai de quatorze (14) jours \u00e0 compter de la r\u00e9ception de sa commande, le Client pourra demander \u00e0 THAI-WAREHOUSE le retour du (ou des) Produit(s).<br><br>Le remboursement n&rsquo;est pas pr\u00e9vu lorsque le paiement a \u00e9t\u00e9 fait avec une carte. Les retours avec ce moyen de paiement ne pourront faire l&rsquo;objet que d&rsquo;un avoir et non d&rsquo;un remboursement.<br><br>Les retours sont \u00e0 la charge du client depuis la France M\u00e9tropolitaine (Corse et Monaco inclus) ainsi que pour les pays de l&rsquo;Union Europ\u00e9enne. Le client devra renvoyer \u00e0 ses frais le (ou les) Produit(s) sauf dans le cas o\u00f9 il aurait re\u00e7u un produit pr\u00e9sentant un d\u00e9faut de fabrication ou ne correspondant pas \u00e0 la commande initiale du Client. Dans ce cas, le Client devra contacter le service client \u00e0 l&rsquo;adresse Contact@thai-warehouse.com pour obtenir un bon de retour pr\u00e9pay\u00e9.<br><br>Le retour se fait aux risques du Client. Le Produit doit \u00eatre retourn\u00e9 dans son emballage d\u2019origine, dans son \u00e9tat d\u2019origine, neuf, non utilis\u00e9, non lav\u00e9.<br><br>\u00c0 d\u00e9faut de respect par le Client des pr\u00e9sentes conditions, notamment des conditions de retour, THAI-WAREHOUSE ne pourra proc\u00e9der au remboursement ou \u00e0 l&rsquo;\u00e9dition d&rsquo;un avoir pour les Produits concern\u00e9s.<\/p>\n\n\n\n<p class=\"has-text-align-left\"><strong>9. GARANTIES ET RESPONSABILIT\u00c9<\/strong><\/p>\n\n\n\n<p class=\"has-text-align-left\">THAI-WAREHOUSE n\u2019a, pour toutes les \u00e9tapes d\u2019acc\u00e8s au site, du processus de commande \u00e0 l\u2019exp\u00e9dition du colis ou des services post\u00e9rieurs, qu\u2019une obligation de moyen. La responsabilit\u00e9 de THAI-WAREHOUSE ne saurait \u00eatre engag\u00e9e pour tous les inconv\u00e9nients ou dommages inh\u00e9rents \u00e0 l\u2019utilisation du r\u00e9seau internet, notamment une rupture de service, une intrusion ext\u00e9rieure ou la pr\u00e9sence de virus informatiques, ou de tout fait qualifi\u00e9 de force majeure, conform\u00e9ment \u00e0 la loi et \u00e0 la jurisprudence.<\/p>\n\n\n\n<p><strong>10. PROPRI\u00c9T\u00c9 INTELLECTUELLE<\/strong><\/p>\n\n\n\n<p class=\"has-text-align-left\">En aucun cas le Client n\u2019est autoris\u00e9 \u00e0 t\u00e9l\u00e9charger ou \u00e0 modifier tout ou partie du Site et notamment son contenu (produits list\u00e9s, descriptions, images, vid\u00e9os\u2026).<br><br>Ce Site ou toute partie de ce Site ne doit en aucun cas \u00eatre reproduit, copi\u00e9, vendu ou exploit\u00e9 pour des raisons commerciales sans l\u2019autorisation expresse et \u00e9crite de THAI-WAREHOUSE.<br><br>D\u2019une mani\u00e8re g\u00e9n\u00e9rale, tous les droits d\u2019auteur, marques et autres signes distinctifs et droits de propri\u00e9t\u00e9 ou de propri\u00e9t\u00e9 intellectuelle figurant sur le Site, resteront la propri\u00e9t\u00e9 pleine et enti\u00e8re de THAI-WAREHOUSE.<br><br>Le Client est donc tenu au respect des droits de propri\u00e9t\u00e9 intellectuelle et ne pourra aucunement utiliser les marques figurant sur le Site et sur les Produits le cas \u00e9ch\u00e9ant, ou d\u00e9poser de marque qui porterait pr\u00e9judice au titulaire des droits, sauf disposition contractuelle contraire.<br><br>Il en est de m\u00eame pour tout autre droit de propri\u00e9t\u00e9 intellectuelle.<\/p>\n\n\n\n<p><strong>11. GARANTIES ET RESPONSABILIT\u00c9<\/strong><\/p>\n\n\n\n<p class=\"has-text-align-left\">THAI-WAREHOUSE s\u2019engage \u00e0 n\u2019utiliser les informations confidentielles des Clients que dans le cadre de l\u2019exploitation de son Site.<br><br>Pour le bon d\u00e9roulement de la commande, les donn\u00e9es nominatives collect\u00e9es feront l\u2019objet d\u2019un traitement informatique, le Client reconna\u00eet en avoir connaissance.<br><br>A ce titre, les informations le concernant peuvent \u00eatre communiqu\u00e9es \u00e0 des prestataires techniques de THAI-WAREHOUSE.<br><br>Par ailleurs, THAI-WAREHOUSE pourra appliquer des moyens techniques pour obtenir des informations non personnelles relatives aux internautes et destin\u00e9es \u00e0 am\u00e9liorer les fonctionnalit\u00e9s du site, par exemple en tra\u00e7ant le nombre de visiteurs sur certaines pages.<br><br>Conform\u00e9ment \u00e0 la loi du 6 janvier 1978 modifi\u00e9e par la loi du 6 ao\u00fbt 2004, le Client dispose d\u2019un droit d\u2019acc\u00e8s et de rectification des donn\u00e9es personnelles le concernant figurant dans les fichiers de THAI-WAREHOUSE. Toute demande doit \u00eatre adress\u00e9e par e-mail \u00e0 : contact@thai-warehouse.com.<br>Ce traitement informatique a fait l\u2019objet d\u2019une d\u00e9claration aupr\u00e8s de la Commission Nationale de l\u2019Informatique et des Libert\u00e9s (CNIL) qui a d\u00e9livr\u00e9 le r\u00e9c\u00e9piss\u00e9 n\u00b0 1517135 v 0 le 29 Juin 2011.<\/p>\n\n\n\n<p><strong>12. FORCE MAJEURE<\/strong><\/p>\n\n\n\n<p class=\"has-text-align-left\">En cas de survenance d\u2019un \u00e9v\u00e9nement de force majeure, la partie concern\u00e9e devra en informer l\u2019autre dans un d\u00e9lai de quinze (14) jours \u00e0 compter de la survenance de cet \u00e9v\u00e9nement, par lettre recommand\u00e9e avec accus\u00e9 de r\u00e9ception.<br><br>De fa\u00e7on expresse, sont consid\u00e9r\u00e9s comme cas de force majeure ou cas fortuit, outre ceux habituellement retenus par la jurisprudence des cours et tribunaux fran\u00e7ais, les gr\u00e8ves totales ou partielles, lock-out, \u00e9meute, les boycottages ou autres actions \u00e0 caract\u00e8re industriel ou litiges commerciaux, trouble civil, insurrection, guerre, intemp\u00e9rie, \u00e9pid\u00e9mie, blocage des moyens de transport ou d\u2019approvisionnement pour quelque raison que ce soit, tremblement de terre, incendie, temp\u00eate, inondation, d\u00e9g\u00e2ts des eaux, restrictions gouvernementales ou l\u00e9gales, modifications l\u00e9gales ou r\u00e9glementaires des formes de commercialisation, panne d\u2019ordinateur, blocage des t\u00e9l\u00e9communications, y compris des r\u00e9seaux de t\u00e9l\u00e9communications filaires ou hertziens, et tout autre cas ind\u00e9pendant de la volont\u00e9 des parties emp\u00eachant l\u2019ex\u00e9cution normale de la relation contractuelle.<br><br>L\u2019ensemble des obligations des parties seront suspendues pendant toute la dur\u00e9e de l\u2019\u00e9v\u00e9nement de force majeure, sans indemnit\u00e9. Si l\u2019\u00e9v\u00e9nement de force majeure se prolonge pendant plus de trois (3) mois, le contrat concern\u00e9 pourra \u00eatre r\u00e9sili\u00e9 de plein droit sans indemnit\u00e9 pour l\u2019une ou l\u2019autre des parties.<\/p>\n\n\n\n<p><strong>13. DISPOSITIONS G\u00c9N\u00c9RALES<\/strong><\/p>\n\n\n\n<p class=\"has-text-align-left\"><strong>13.1. Non validit\u00e9 partielle d&rsquo;une clause<\/strong><br>Si l\u2019une quelconque des stipulations des pr\u00e9sentes conditions est d\u00e9clar\u00e9e nulle ou non opposable par une juridiction comp\u00e9tente, elle sera d\u00e9clar\u00e9e non \u00e9crite et n\u2019entra\u00eenera pas la nullit\u00e9 des autres stipulations.<br><br><br><strong>13.2. Actualisation<\/strong><br>Les pr\u00e9sentes conditions g\u00e9n\u00e9rales peuvent \u00eatre modifi\u00e9es \u00e0 tout moment et sans pr\u00e9avis par THAI-WAREHOUSE, les conditions applicables \u00e9tant celles en vigueur \u00e0 la date de la commande par le Client.<br><br>Les pr\u00e9sentes conditions g\u00e9n\u00e9rales de vente sont accessibles de fa\u00e7on permanente.<br><br><strong>13.3. Loi applicable &#8211; Tribunal comp\u00e9tent<\/strong><br>Les pr\u00e9sentes conditions g\u00e9n\u00e9rales sont soumises \u00e0 la loi fran\u00e7aise en ce qui concerne les r\u00e8gles de fond comme les r\u00e8gles de forme. Tout litige devra faire l&rsquo;objet d&rsquo;une tentative pr\u00e9alable de r\u00e8glement amiable.<br><br>En l\u2019absence de r\u00e8glement amiable, comp\u00e9tence est attribu\u00e9e aux tribunaux fran\u00e7ais comp\u00e9tents, nonobstant pluralit\u00e9 de d\u00e9fendeurs ou appel en garantie.<br><br><br><strong>13.4. : Reproduction des textes applicables (ordonnance 2005-136 du 17 f\u00e9vrier 2005, code de la consommation, code civil)<\/strong><br><br><strong>Art. L. 211-4. du Code de la consommation<\/strong><br>Le vendeur est tenu de livrer un bien conforme au contrat et r\u00e9pond des d\u00e9fauts de conformit\u00e9 existant lors de la d\u00e9livrance. Il r\u00e9pond \u00e9galement des d\u00e9fauts de conformit\u00e9 r\u00e9sultant de l&#8217;emballage, des instructions de montage ou de l&rsquo;installation lorsque celle-ci a \u00e9t\u00e9 mise \u00e0 sa charge par le contrat ou a \u00e9t\u00e9 r\u00e9alis\u00e9e sous sa responsabilit\u00e9.<br><br><strong>Art. L. 211-5. du Code de la consommation :<\/strong><br><br>&#8211; Pour \u00eatre conforme au contrat, le bien doit :<br><br>1\u00b0 \u00catre propre \u00e0 l&rsquo;usage habituellement attendu d&rsquo;un bien semblable et, le cas \u00e9ch\u00e9ant :<br><br>&#8211; correspondre \u00e0 la description donn\u00e9e par le vendeur et poss\u00e9der les qualit\u00e9s que celui-ci a pr\u00e9sent\u00e9es au Client sous forme d&rsquo;\u00e9chantillon ou de mod\u00e8le ;<br><br>&#8211; pr\u00e9senter les qualit\u00e9s qu&rsquo;un Client peut l\u00e9gitimement attendre eu \u00e9gard aux d\u00e9clarations publiques faites par le vendeur, par le producteur ou par son repr\u00e9sentant, notamment dans la publicit\u00e9 ou l&rsquo;\u00e9tiquetage ;<br><br>2\u00b0 Ou pr\u00e9senter les caract\u00e9ristiques d\u00e9finies d&rsquo;un commun accord par les parties ou \u00eatre propre \u00e0 tout usage sp\u00e9cial recherch\u00e9 par le Client, port\u00e9 \u00e0 la connaissance du vendeur et que ce dernier a accept\u00e9.<br><br><strong>Art. L. 211-12. du Code de la consommation<\/strong><br>L&rsquo;action r\u00e9sultant du d\u00e9faut de conformit\u00e9 se prescrit par deux ans \u00e0 compter de la d\u00e9livrance du bien.<br><br><strong>Art. 1641 du Code civil<\/strong><br>Le vendeur est tenu de la garantie \u00e0 raison des d\u00e9fauts cach\u00e9s de la chose vendue qui la rendent impropre \u00e0 l&rsquo;usage auquel on la destine, ou qui diminuent tellement cet usage, que le Client ne l&rsquo;aurait pas acquise, ou n&rsquo;en aurait donn\u00e9 qu&rsquo;un moindre prix, s&rsquo;il les avait connus.<br><br><strong>Art. 1648 alin\u00e9a 1 du Code civil<\/strong><br>L&rsquo;action r\u00e9sultant des vices r\u00e9dhibitoires doit \u00eatre intent\u00e9e par l&rsquo;acqu\u00e9reur dans un d\u00e9lai de deux ans \u00e0 compter de la d\u00e9couverte du vice.<\/p>\n","protected":false},"excerpt":{"rendered":"<p>1. OBJET Les pr\u00e9sentes conditions g\u00e9n\u00e9rales de vente visent \u00e0 d\u00e9finir les droits et obligations de THAI-WAREHOUSE et du Client de produits pr\u00e9sent\u00e9s par THAI-WAREHOUSE sur son site www.thai-warehouse.com (ci-apr\u00e8s \u00ab le Site \u00bb). Elles s&rsquo;appliquent de fa\u00e7on exclusive entre la soci\u00e9t\u00e9 THAI-WAREHOUSE et tout consommateur personne physique visitant ou effectuant un achat via ledit &hellip; <\/p>\n<p class=\"link-more\"><a href=\"https:\/\/thai-warehouse.com\/fr\/conditions-generales-de-ventes\/\" class=\"more-link\">Lire la suite de<span class=\"screen-reader-text\">\u00ab\u00a0Conditions g\u00e9n\u00e9rales de ventes\u00a0\u00bb<\/span><\/a><\/p>\n","protected":false},"author":1,"featured_media":0,"parent":0,"menu_order":0,"comment_status":"closed","ping_status":"closed","template":"page-templates\/no-title.php","meta":{"inspiro_hide_title":false,"footnotes":""},"class_list":["post-144","page","type-page","status-publish","hentry"],"jetpack-related-posts":[],"jetpack_sharing_enabled":true,"_links":{"self":[{"href":"https:\/\/thai-warehouse.com\/fr\/wp-json\/wp\/v2\/pages\/144","targetHints":{"allow":["GET"]}}],"collection":[{"href":"https:\/\/thai-warehouse.com\/fr\/wp-json\/wp\/v2\/pages"}],"about":[{"href":"https:\/\/thai-warehouse.com\/fr\/wp-json\/wp\/v2\/types\/page"}],"author":[{"embeddable":true,"href":"https:\/\/thai-warehouse.com\/fr\/wp-json\/wp\/v2\/users\/1"}],"replies":[{"embeddable":true,"href":"https:\/\/thai-warehouse.com\/fr\/wp-json\/wp\/v2\/comments?post=144"}],"version-history":[{"count":8,"href":"https:\/\/thai-warehouse.com\/fr\/wp-json\/wp\/v2\/pages\/144\/revisions"}],"predecessor-version":[{"id":582,"href":"https:\/\/thai-warehouse.com\/fr\/wp-json\/wp\/v2\/pages\/144\/revisions\/582"}],"wp:attachment":[{"href":"https:\/\/thai-warehouse.com\/fr\/wp-json\/wp\/v2\/media?parent=144"}],"curies":[{"name":"wp","href":"https:\/\/api.w.org\/{rel}","templated":true}]}}