{"id":108,"date":"2023-04-17T15:01:08","date_gmt":"2023-04-17T13:01:08","guid":{"rendered":"https:\/\/thai-warehouse.com\/?page_id=108"},"modified":"2024-02-14T02:55:46","modified_gmt":"2024-02-14T01:55:46","slug":"contact","status":"publish","type":"page","link":"https:\/\/thai-warehouse.com\/fr\/contact\/","title":{"rendered":"Contact"},"content":{"rendered":"\n<h2 class=\"wp-block-heading has-text-align-center\">Comment pouvons-nous vous aider ?<\/h2>\n\n\n\n<p>Via notre formulaire. Notre objectif est de vous offrir une r\u00e9ponse de qualit\u00e9 \u00e0 toutes les questions que vous pouvez vous poser. <\/p>\n\n\n\n<p>Pour les demandes concernant les commandes exp\u00e9di\u00e9es par nos vendeurs partenaires, vous recevrez une r\u00e9ponse par mail en moins de 72 h.<\/p>\n\n\n\n<p>Ci-dessous, le formulaire \u00e0 remplir pour nous contacter :<\/p>\n\n\n\n<div class=\"wp-block-columns is-layout-flex wp-container-core-columns-is-layout-28f84493 wp-block-columns-is-layout-flex\">\n<div class=\"wp-block-column is-layout-flow wp-block-column-is-layout-flow\" style=\"flex-basis:100%\">\n<div class=\"wp-block-columns is-layout-flex wp-container-core-columns-is-layout-28f84493 wp-block-columns-is-layout-flex\">\n<div class=\"wp-block-column is-layout-flow wp-block-column-is-layout-flow\"><\/div>\n\n\n\n<div class=\"wp-block-column is-layout-flow wp-block-column-is-layout-flow\"><div class=\"wp-block-jetpack-contact-form\"><a href=\"https:\/\/thai-warehouse.com\/fr\/contact\/\" target=\"_blank\" rel=\"noopener noreferrer\">Soumettre un formulaire.<\/a><\/div><\/div>\n\n\n\n<div class=\"wp-block-column is-layout-flow wp-block-column-is-layout-flow\"><\/div>\n<\/div>\n<\/div>\n<\/div>\n\n\n\n<p><\/p>\n\n\n\n<p class=\"has-text-align-left\">Partenaire ou professionnel souhaitant nous rejoindre, contactez-nous en cliquant sur le lien disponible ci-dessous : <\/p>\n\n\n\n<p class=\"has-text-align-center\"><a href=\"mailto:Entreprises@thai-warehouse.com\">Entreprises@thai-warehouse.com<\/a><\/p>\n\n\n\n<p><\/p>\n","protected":false},"excerpt":{"rendered":"<p>Comment pouvons-nous vous aider ? Via notre formulaire. Notre objectif est de vous offrir une r\u00e9ponse de qualit\u00e9 \u00e0 toutes les questions que vous pouvez vous poser. Pour les demandes concernant les commandes exp\u00e9di\u00e9es par nos vendeurs partenaires, vous recevrez une r\u00e9ponse par mail en moins de 72 h. Ci-dessous, le formulaire \u00e0 remplir pour &hellip; <\/p>\n<p class=\"link-more\"><a href=\"https:\/\/thai-warehouse.com\/fr\/contact\/\" class=\"more-link\">Lire la suite de<span class=\"screen-reader-text\">\u00ab\u00a0Contact\u00a0\u00bb<\/span><\/a><\/p>\n","protected":false},"author":1,"featured_media":0,"parent":0,"menu_order":0,"comment_status":"closed","ping_status":"closed","template":"page-templates\/no-title.php","meta":{"inspiro_hide_title":false,"footnotes":""},"class_list":["post-108","page","type-page","status-publish","hentry"],"jetpack-related-posts":[],"jetpack_sharing_enabled":true,"_links":{"self":[{"href":"https:\/\/thai-warehouse.com\/fr\/wp-json\/wp\/v2\/pages\/108","targetHints":{"allow":["GET"]}}],"collection":[{"href":"https:\/\/thai-warehouse.com\/fr\/wp-json\/wp\/v2\/pages"}],"about":[{"href":"https:\/\/thai-warehouse.com\/fr\/wp-json\/wp\/v2\/types\/page"}],"author":[{"embeddable":true,"href":"https:\/\/thai-warehouse.com\/fr\/wp-json\/wp\/v2\/users\/1"}],"replies":[{"embeddable":true,"href":"https:\/\/thai-warehouse.com\/fr\/wp-json\/wp\/v2\/comments?post=108"}],"version-history":[{"count":10,"href":"https:\/\/thai-warehouse.com\/fr\/wp-json\/wp\/v2\/pages\/108\/revisions"}],"predecessor-version":[{"id":716,"href":"https:\/\/thai-warehouse.com\/fr\/wp-json\/wp\/v2\/pages\/108\/revisions\/716"}],"wp:attachment":[{"href":"https:\/\/thai-warehouse.com\/fr\/wp-json\/wp\/v2\/media?parent=108"}],"curies":[{"name":"wp","href":"https:\/\/api.w.org\/{rel}","templated":true}]}}